{"id":1332,"date":"2024-03-26T18:05:56","date_gmt":"2024-03-26T18:05:56","guid":{"rendered":"https:\/\/qamcpn.digitalsolutioncore.com\/?page_id=1332"},"modified":"2024-05-08T14:54:24","modified_gmt":"2024-05-08T20:54:24","slug":"certificados","status":"publish","type":"page","link":"https:\/\/qamcpn.digitalsolutioncore.com\/en\/certificados\/","title":{"rendered":"Certificados"},"content":{"rendered":"<div class=\"elementor-element elementor-element-6222f28 e-flex e-con-boxed e-con e-parent\" data-id=\"6222f28\" data-element_type=\"container\">\n\t\t\t\t\t<div class=\"e-con-inner\">\n\t\t\t\t<div data-elementor-type=\"wp-page\" data-elementor-id=\"1332\" class=\"elementor elementor-1332\" data-elementor-post-type=\"page\">\n\t\t\t\t\t\t<div class=\"elementor-element elementor-element-2580a3b elementor-widget elementor-widget-shortcode\" data-id=\"2580a3b\" data-element_type=\"widget\" data-widget_type=\"shortcode.default\">\n\t\t\t\t<div class=\"elementor-widget-container\">\n\t\t\t\t\t\t\t<div class=\"elementor-shortcode\">    <script>\n        document.addEventListener('DOMContentLoaded', function () {\n\n            function verificarArchivo(url, div) {\n\t\t\t\t\/\/Verificamos que la URL est\u00e9 vac\u00eda para ocultar los Div en Elementor HHH07May2024\n                if(url === \"\") {\n                    console.log(\"La URL est\u00e1 vac\u00eda, Se oculta el Div.\");\n                    div.style.display = \"none\";\n                } else {\n                    fetch(url, { method: 'HEAD' })\n                        .then(response => {\n                            if (!response.ok) {\n                                console.log(\"El archivo \" + url + \" no existe. C\u00f3digo de estado: \" + response.status);\n                                div.style.display = \"none\";\n                            }\n                        })\n                        .catch(error => {\n                            console.log(\"Ocurri\u00f3 un error al verificar el archivo \" + url + \": \" + error);\n                        });\n                }\n            }\n\n            var div1 = document.getElementById(\"certi_participacion\");\n            div1.style.textAlign = \"center\";\n            var enlaces1 = div1.getElementsByTagName(\"a\");\n            for (var i = 0; i < enlaces1.length; i++) {\n                var enlace1 = enlaces1[i];\n                var url1 = enlace1.href;\n                if (\/iPad|iPhone|iPod\/.test(navigator.userAgent) && !window.MSStream) {\n                    url1 = url1.replace('.pdf', '.jpg');\n                    enlace1.href = url1; \/\/ Actualizar el enlace con la nueva URL\n                }\n                verificarArchivo(url1, div1);\n            }\n\n            var div2 = document.getElementById(\"certi_quiz\");\n            div2.style.textAlign = \"center\";\n            var enlaces2 = div2.getElementsByTagName(\"a\");\n            for (var j = 0; j < enlaces2.length; j++) {\n                var enlace2 = enlaces2[j];\n                var url2 = enlace2.href;\n                if (\/iPad|iPhone|iPod\/.test(navigator.userAgent) && !window.MSStream) {\n                    url2 = url2.replace('.pdf', '.jpg');\n                    enlace2.href = url2; \/\/ Actualizar el enlace con la nueva URL\n                }\n                verificarArchivo(url2, div2);\n            }\n        });\n    <\/script>\n    <\/div>\n\t\t\t\t\t\t<\/div>\n\t\t\t\t<\/div>\n\t\t\t\t<div class=\"elementor-element elementor-element-c6928ad elementor-widget elementor-widget-heading\" data-id=\"c6928ad\" data-element_type=\"widget\" data-widget_type=\"heading.default\">\n\t\t\t\t<div class=\"elementor-widget-container\">\n\t\t\t\t\t<h2 class=\"elementor-heading-title elementor-size-default\">Certificados Congreso MCNP 2024<\/h2>\t\t\t\t<\/div>\n\t\t\t\t<\/div>\n\t\t\t\t<div class=\"elementor-element elementor-element-217d88b elementor-widget elementor-widget-heading\" data-id=\"217d88b\" data-element_type=\"widget\" data-widget_type=\"heading.default\">\n\t\t\t\t<div class=\"elementor-widget-container\">\n\t\t\t\t\t<h2 class=\"elementor-heading-title elementor-size-default\">Aqu\u00ed podr\u00e1s descargar los certificados<\/h2>\t\t\t\t<\/div>\n\t\t\t\t<\/div>\n\t\t\t\t<div class=\"elementor-element elementor-element-29782a6 elementor-widget elementor-widget-heading\" data-id=\"29782a6\" data-element_type=\"widget\" data-widget_type=\"heading.default\">\n\t\t\t\t<div class=\"elementor-widget-container\">\n\t\t\t\t\t<h4 class=\"elementor-heading-title elementor-size-default\">Por favor tener en cuenta lo siguiente: <br><br> 1. Podr\u00e1s enviar tus certificados por e-mail haciendo clic en el bot\u00f3n verde. <br> 2. Si lo deseas puedes descargar directamente tus certificados.<br>3. Recuerda que si el certificado de competencias no te aparece, es porque no lo presentaste o no lo aprobaste.<br> 4. Si crees que hay un error, recuerda que puedes escribir al correo laexperiencia@mcnpmexico.org <\/h4>\t\t\t\t<\/div>\n\t\t\t\t<\/div>\n\t\t\t\t\t<\/div>\n\t\t\t\t<\/div>\n\t\t<div class=\"elementor-element elementor-element-9d3cd2d e-flex e-con-boxed e-con e-parent\" data-id=\"9d3cd2d\" data-element_type=\"container\">\n\t\t\t\t\t<div class=\"e-con-inner\">\n\t\t\t\t<div class=\"elementor-element elementor-element-9c4efd0 elementor-widget elementor-widget-html\" data-id=\"9c4efd0\" data-element_type=\"widget\" data-widget_type=\"html.default\">\n\t\t\t\t<div class=\"elementor-widget-container\">\n\t\t\t\t\t<div class=\"contenedor-boton-mensaje\">\r\n  <button id=\"mi-boton\">Enviar Certificados por Correo<\/button>\r\n  <div id=\"mensaje-usuario\" style=\"display: none;\"><\/div>\r\n  <div id=\"Competencia\" style=\"display: none;\"><\/div>\r\n  <div id=\"Participaci\u00f3n\" style=\"display: none;\"><\/div>\r\n  <div id=\"certificados-enviados\" style=\"display: none;\"><\/div>\r\n<\/div>\r\n\t\t\t\t<\/div>\n\t\t\t\t<\/div>\n\t\t\t\t\t<\/div>\n\t\t\t\t<\/div>\n\t\t<div class=\"elementor-element elementor-element-4617a3c e-flex e-con-boxed e-con e-parent\" data-id=\"4617a3c\" data-element_type=\"container\" id=\"certi_participacion\">\n\t\t\t\t\t<div class=\"e-con-inner\">\n\t\t\t\t<div class=\"elementor-element elementor-element-b0813bd elementor-align-center elementor-widget elementor-widget-button\" data-id=\"b0813bd\" data-element_type=\"widget\" id=\"btn_participacion\" data-widget_type=\"button.default\">\n\t\t\t\t<div class=\"elementor-widget-container\">\n\t\t\t\t\t\t\t\t\t<div class=\"elementor-button-wrapper\">\n\t\t\t\t\t<a class=\"elementor-button elementor-size-sm\" role=\"button\">\n\t\t\t\t\t\t<span class=\"elementor-button-content-wrapper\">\n\t\t\t\t\t\t\t\t\t<span class=\"elementor-button-text\">Descarga tu certificado de Participaci\u00f3n<\/span>\n\t\t\t\t\t<\/span>\n\t\t\t\t\t<\/a>\n\t\t\t\t<\/div>\n\t\t\t\t\t\t\t\t<\/div>\n\t\t\t\t<\/div>\n\t\t\t\t\t<\/div>\n\t\t\t\t<\/div>\n\t\t<div class=\"elementor-element elementor-element-f63b117 e-flex e-con-boxed e-con e-parent\" data-id=\"f63b117\" data-element_type=\"container\" id=\"certi_quiz\">\n\t\t\t\t\t<div class=\"e-con-inner\">\n\t\t\t\t<div class=\"elementor-element elementor-element-38812db elementor-align-center elementor-widget elementor-widget-button\" data-id=\"38812db\" data-element_type=\"widget\" id=\"btn_competencias\" data-widget_type=\"button.default\">\n\t\t\t\t<div class=\"elementor-widget-container\">\n\t\t\t\t\t\t\t\t\t<div class=\"elementor-button-wrapper\">\n\t\t\t\t\t<a class=\"elementor-button elementor-size-sm\" role=\"button\">\n\t\t\t\t\t\t<span class=\"elementor-button-content-wrapper\">\n\t\t\t\t\t\t\t\t\t<span class=\"elementor-button-text\">Descarga tu certificado de Competencias<\/span>\n\t\t\t\t\t<\/span>\n\t\t\t\t\t<\/a>\n\t\t\t\t<\/div>\n\t\t\t\t\t\t\t\t<\/div>\n\t\t\t\t<\/div>\n\t\t\t\t\t<\/div>\n\t\t\t\t<\/div>\n\t\t\t\t<\/div>","protected":false},"excerpt":{"rendered":"<p>Certificados Congreso MCNP 2024 Aqu\u00ed podr\u00e1s descargar los certificados Por favor tener en cuenta lo siguiente: 1. Podr\u00e1s enviar tus certificados por e-mail haciendo clic en el bot\u00f3n verde. 2. Si lo deseas puedes descargar directamente tus certificados.3. Recuerda que si el certificado de competencias no te aparece, es porque no lo presentaste o no [&hellip;]<\/p>","protected":false},"author":6,"featured_media":0,"parent":0,"menu_order":0,"comment_status":"closed","ping_status":"closed","template":"","meta":{"footnotes":""},"class_list":["post-1332","page","type-page","status-publish","hentry"],"yoast_head":"<!-- This site is optimized with the Yoast SEO plugin v24.3 - https:\/\/yoast.com\/wordpress\/plugins\/seo\/ -->\n<title>Certificados |<\/title>\n<meta name=\"robots\" content=\"index, follow, max-snippet:-1, max-image-preview:large, max-video-preview:-1\" \/>\n<link rel=\"canonical\" href=\"https:\/\/qamcpn.digitalsolutioncore.com\/en\/certificados\/\" \/>\n<meta property=\"og:locale\" content=\"en_US\" \/>\n<meta property=\"og:type\" content=\"article\" \/>\n<meta property=\"og:title\" content=\"Certificados |\" \/>\n<meta property=\"og:description\" content=\"Certificados Congreso MCNP 2024 Aqu\u00ed podr\u00e1s descargar los certificados Por favor tener en cuenta lo siguiente: 1. Podr\u00e1s enviar tus certificados por e-mail haciendo clic en el bot\u00f3n verde. 2. Si lo deseas puedes descargar directamente tus certificados.3. Recuerda que si el certificado de competencias no te aparece, es porque no lo presentaste o no [&hellip;]\" \/>\n<meta property=\"og:url\" content=\"https:\/\/qamcpn.digitalsolutioncore.com\/en\/certificados\/\" \/>\n<meta property=\"article:publisher\" content=\"https:\/\/www.facebook.com\/MCNPMexico\" \/>\n<meta property=\"article:modified_time\" content=\"2024-05-08T20:54:24+00:00\" \/>\n<meta name=\"twitter:card\" content=\"summary_large_image\" \/>\n<meta name=\"twitter:site\" content=\"@MCNPMexico\" \/>\n<meta name=\"twitter:label1\" content=\"Est. reading time\" \/>\n\t<meta name=\"twitter:data1\" content=\"1 minute\" \/>\n<script type=\"application\/ld+json\" class=\"yoast-schema-graph\">{\"@context\":\"https:\/\/schema.org\",\"@graph\":[{\"@type\":\"WebPage\",\"@id\":\"https:\/\/qamcpn.digitalsolutioncore.com\/certificados\/\",\"url\":\"https:\/\/qamcpn.digitalsolutioncore.com\/certificados\/\",\"name\":\"Certificados |\",\"isPartOf\":{\"@id\":\"https:\/\/qamcpn.digitalsolutioncore.com\/#website\"},\"datePublished\":\"2024-03-26T18:05:56+00:00\",\"dateModified\":\"2024-05-08T20:54:24+00:00\",\"breadcrumb\":{\"@id\":\"https:\/\/qamcpn.digitalsolutioncore.com\/certificados\/#breadcrumb\"},\"inLanguage\":\"en-US\",\"potentialAction\":[{\"@type\":\"ReadAction\",\"target\":[\"https:\/\/qamcpn.digitalsolutioncore.com\/certificados\/\"]}]},{\"@type\":\"BreadcrumbList\",\"@id\":\"https:\/\/qamcpn.digitalsolutioncore.com\/certificados\/#breadcrumb\",\"itemListElement\":[{\"@type\":\"ListItem\",\"position\":1,\"name\":\"Inicio\",\"item\":\"https:\/\/qamcpn.digitalsolutioncore.com\/\"},{\"@type\":\"ListItem\",\"position\":2,\"name\":\"Certificados\"}]},{\"@type\":\"WebSite\",\"@id\":\"https:\/\/qamcpn.digitalsolutioncore.com\/#website\",\"url\":\"https:\/\/qamcpn.digitalsolutioncore.com\/\",\"name\":\"MCNP Mexico\",\"description\":\"Descifrando los datos duros de la ciencia\",\"publisher\":{\"@id\":\"https:\/\/qamcpn.digitalsolutioncore.com\/#organization\"},\"alternateName\":\"Consorcio Mexicano de NeuroPsicofarmacolog\u00eda\",\"potentialAction\":[{\"@type\":\"SearchAction\",\"target\":{\"@type\":\"EntryPoint\",\"urlTemplate\":\"https:\/\/qamcpn.digitalsolutioncore.com\/?s={search_term_string}\"},\"query-input\":{\"@type\":\"PropertyValueSpecification\",\"valueRequired\":true,\"valueName\":\"search_term_string\"}}],\"inLanguage\":\"en-US\"},{\"@type\":\"Organization\",\"@id\":\"https:\/\/qamcpn.digitalsolutioncore.com\/#organization\",\"name\":\"Consorcio Mexicano de Neuropsicofarmacolog\u00eda\",\"url\":\"https:\/\/qamcpn.digitalsolutioncore.com\/\",\"logo\":{\"@type\":\"ImageObject\",\"inLanguage\":\"en-US\",\"@id\":\"https:\/\/qamcpn.digitalsolutioncore.com\/#\/schema\/logo\/image\/\",\"url\":\"https:\/\/qamcpn.digitalsolutioncore.com\/wp-content\/uploads\/2024\/03\/Logo-2.png\",\"contentUrl\":\"https:\/\/qamcpn.digitalsolutioncore.com\/wp-content\/uploads\/2024\/03\/Logo-2.png\",\"width\":353,\"height\":84,\"caption\":\"Consorcio Mexicano de Neuropsicofarmacolog\u00eda\"},\"image\":{\"@id\":\"https:\/\/qamcpn.digitalsolutioncore.com\/#\/schema\/logo\/image\/\"},\"sameAs\":[\"https:\/\/www.facebook.com\/MCNPMexico\",\"https:\/\/x.com\/MCNPMexico\",\"https:\/\/www.tiktok.com\/@mcnpmexico?lang=es\",\"https:\/\/www.instagram.com\/mcnpmexico\/\",\"https:\/\/www.linkedin.com\/company\/mcnp-consorcio-mexicano-de-neuropsicofarmacologa\/?viewAsMember=true\"]}]}<\/script>\n<!-- \/ Yoast SEO plugin. -->","yoast_head_json":{"title":"Certificados |","robots":{"index":"index","follow":"follow","max-snippet":"max-snippet:-1","max-image-preview":"max-image-preview:large","max-video-preview":"max-video-preview:-1"},"canonical":"https:\/\/qamcpn.digitalsolutioncore.com\/en\/certificados\/","og_locale":"en_US","og_type":"article","og_title":"Certificados |","og_description":"Certificados Congreso MCNP 2024 Aqu\u00ed podr\u00e1s descargar los certificados Por favor tener en cuenta lo siguiente: 1. Podr\u00e1s enviar tus certificados por e-mail haciendo clic en el bot\u00f3n verde. 2. Si lo deseas puedes descargar directamente tus certificados.3. Recuerda que si el certificado de competencias no te aparece, es porque no lo presentaste o no [&hellip;]","og_url":"https:\/\/qamcpn.digitalsolutioncore.com\/en\/certificados\/","article_publisher":"https:\/\/www.facebook.com\/MCNPMexico","article_modified_time":"2024-05-08T20:54:24+00:00","twitter_card":"summary_large_image","twitter_site":"@MCNPMexico","twitter_misc":{"Est. reading time":"1 minute"},"schema":{"@context":"https:\/\/schema.org","@graph":[{"@type":"WebPage","@id":"https:\/\/qamcpn.digitalsolutioncore.com\/certificados\/","url":"https:\/\/qamcpn.digitalsolutioncore.com\/certificados\/","name":"Certificados |","isPartOf":{"@id":"https:\/\/qamcpn.digitalsolutioncore.com\/#website"},"datePublished":"2024-03-26T18:05:56+00:00","dateModified":"2024-05-08T20:54:24+00:00","breadcrumb":{"@id":"https:\/\/qamcpn.digitalsolutioncore.com\/certificados\/#breadcrumb"},"inLanguage":"en-US","potentialAction":[{"@type":"ReadAction","target":["https:\/\/qamcpn.digitalsolutioncore.com\/certificados\/"]}]},{"@type":"BreadcrumbList","@id":"https:\/\/qamcpn.digitalsolutioncore.com\/certificados\/#breadcrumb","itemListElement":[{"@type":"ListItem","position":1,"name":"Inicio","item":"https:\/\/qamcpn.digitalsolutioncore.com\/"},{"@type":"ListItem","position":2,"name":"Certificados"}]},{"@type":"WebSite","@id":"https:\/\/qamcpn.digitalsolutioncore.com\/#website","url":"https:\/\/qamcpn.digitalsolutioncore.com\/","name":"MCNP Mexico","description":"Descifrando los datos duros de la ciencia","publisher":{"@id":"https:\/\/qamcpn.digitalsolutioncore.com\/#organization"},"alternateName":"Consorcio Mexicano de NeuroPsicofarmacolog\u00eda","potentialAction":[{"@type":"SearchAction","target":{"@type":"EntryPoint","urlTemplate":"https:\/\/qamcpn.digitalsolutioncore.com\/?s={search_term_string}"},"query-input":{"@type":"PropertyValueSpecification","valueRequired":true,"valueName":"search_term_string"}}],"inLanguage":"en-US"},{"@type":"Organization","@id":"https:\/\/qamcpn.digitalsolutioncore.com\/#organization","name":"Consorcio Mexicano de Neuropsicofarmacolog\u00eda","url":"https:\/\/qamcpn.digitalsolutioncore.com\/","logo":{"@type":"ImageObject","inLanguage":"en-US","@id":"https:\/\/qamcpn.digitalsolutioncore.com\/#\/schema\/logo\/image\/","url":"https:\/\/qamcpn.digitalsolutioncore.com\/wp-content\/uploads\/2024\/03\/Logo-2.png","contentUrl":"https:\/\/qamcpn.digitalsolutioncore.com\/wp-content\/uploads\/2024\/03\/Logo-2.png","width":353,"height":84,"caption":"Consorcio Mexicano de Neuropsicofarmacolog\u00eda"},"image":{"@id":"https:\/\/qamcpn.digitalsolutioncore.com\/#\/schema\/logo\/image\/"},"sameAs":["https:\/\/www.facebook.com\/MCNPMexico","https:\/\/x.com\/MCNPMexico","https:\/\/www.tiktok.com\/@mcnpmexico?lang=es","https:\/\/www.instagram.com\/mcnpmexico\/","https:\/\/www.linkedin.com\/company\/mcnp-consorcio-mexicano-de-neuropsicofarmacologa\/?viewAsMember=true"]}]}},"_links":{"self":[{"href":"https:\/\/qamcpn.digitalsolutioncore.com\/en\/wp-json\/wp\/v2\/pages\/1332","targetHints":{"allow":["GET"]}}],"collection":[{"href":"https:\/\/qamcpn.digitalsolutioncore.com\/en\/wp-json\/wp\/v2\/pages"}],"about":[{"href":"https:\/\/qamcpn.digitalsolutioncore.com\/en\/wp-json\/wp\/v2\/types\/page"}],"author":[{"embeddable":true,"href":"https:\/\/qamcpn.digitalsolutioncore.com\/en\/wp-json\/wp\/v2\/users\/6"}],"replies":[{"embeddable":true,"href":"https:\/\/qamcpn.digitalsolutioncore.com\/en\/wp-json\/wp\/v2\/comments?post=1332"}],"version-history":[{"count":200,"href":"https:\/\/qamcpn.digitalsolutioncore.com\/en\/wp-json\/wp\/v2\/pages\/1332\/revisions"}],"predecessor-version":[{"id":2646,"href":"https:\/\/qamcpn.digitalsolutioncore.com\/en\/wp-json\/wp\/v2\/pages\/1332\/revisions\/2646"}],"wp:attachment":[{"href":"https:\/\/qamcpn.digitalsolutioncore.com\/en\/wp-json\/wp\/v2\/media?parent=1332"}],"curies":[{"name":"wp","href":"https:\/\/api.w.org\/{rel}","templated":true}]}}