{"id":1364,"date":"2024-03-26T18:34:39","date_gmt":"2024-03-26T18:34:39","guid":{"rendered":"https:\/\/qamcpn.digitalsolutioncore.com\/?page_id=1364"},"modified":"2024-04-08T16:54:10","modified_gmt":"2024-04-08T16:54:10","slug":"formularios","status":"publish","type":"page","link":"https:\/\/qamcpn.digitalsolutioncore.com\/en\/formularios\/","title":{"rendered":"Formularios"},"content":{"rendered":"<div data-elementor-type=\"wp-page\" data-elementor-id=\"1364\" class=\"elementor elementor-1364\" data-elementor-post-type=\"page\">\n\t\t\t\t<div class=\"elementor-element elementor-element-861358c e-flex e-con-boxed e-con e-parent\" data-id=\"861358c\" data-element_type=\"container\">\n\t\t\t\t\t<div class=\"e-con-inner\">\n\t\t\t\t<div class=\"elementor-element elementor-element-77e0eda elementor-widget elementor-widget-heading\" data-id=\"77e0eda\" data-element_type=\"widget\" data-widget_type=\"heading.default\">\n\t\t\t\t<div class=\"elementor-widget-container\">\n\t\t\t\t\t<h2 class=\"elementor-heading-title elementor-size-default\">Formularios<\/h2>\t\t\t\t<\/div>\n\t\t\t\t<\/div>\n\t\t\t\t\t<\/div>\n\t\t\t\t<\/div>\n\t\t<div class=\"elementor-element elementor-element-4a9954f e-flex e-con-boxed e-con e-parent\" data-id=\"4a9954f\" data-element_type=\"container\">\n\t\t\t\t\t<div class=\"e-con-inner\">\n\t\t\t\t<div class=\"elementor-element elementor-element-319fd77 elementor-widget elementor-widget-shortcode\" data-id=\"319fd77\" data-element_type=\"widget\" data-widget_type=\"shortcode.default\">\n\t\t\t\t<div class=\"elementor-widget-container\">\n\t\t\t\t\t<table><tr><th>Quiz<\/th><th>Respuestas correctas<\/th><\/tr><tr><td><a href=\"https:\/\/qamcpn.digitalsolutioncore.com\/en\/formularios-quiz\/formulario-1\/\">Jueves 25 | 18:00 \u2013 18:45 Conducta suicida en personas sin diagno\u0301stico psiquia\u0301trico<\/a><\/td><td>Aun no has aprobado este formulario<\/td><\/tr><tr><td><a href=\"https:\/\/qamcpn.digitalsolutioncore.com\/en\/formularios-quiz\/psicodelicos-y-el-futuro-de-la-neuropsicofarmacologia\/\">Viernes 26 | 09:00-09:45 Psicod\u00e9licos y el futuro de la Neuropsicofarmacolog\u00eda<\/a><\/td><td>Aun no has aprobado este formulario<\/td><\/tr><tr><td><a href=\"https:\/\/qamcpn.digitalsolutioncore.com\/en\/formularios-quiz\/depresion-resistente-al-tratamiento\/\">Viernes 26 | 09:45-10:30 Depresi\u00f3n resistente al tratamiento. Actualizaci\u00f3n en retos diagn\u00f3sticos y terap\u00e9uticos<\/a><\/td><td>Aun no has aprobado este formulario<\/td><\/tr><tr><td><a href=\"https:\/\/qamcpn.digitalsolutioncore.com\/en\/formularios-quiz\/farmacodinamica-antipsicotica\/\">Viernes 26 | 11:00-11:45 Farmacodin\u00e1mica antipsic\u00f3tica: m\u00e1s all\u00e1 de la ruta dopamin\u00e9rgica<\/a><\/td><td>Aun no has aprobado este formulario<\/td><\/tr><tr><td><a href=\"https:\/\/qamcpn.digitalsolutioncore.com\/en\/formularios-quiz\/formulario-2\/\">Viernes 26 | 11:45-12:30 Esquizofrenia desde Clozapina<\/a><\/td><td>Aun no has aprobado este formulario<\/td><\/tr><tr><td><a href=\"https:\/\/qamcpn.digitalsolutioncore.com\/en\/formularios-quiz\/avanzando-en-la-farmacopea-de-la-depresion-bipolar\/\">Viernes 26 | 13:00-13:45 Avanzando en la farmacopea de la depresi\u00f3n bipolar. Lecciones aprendidas y el mapa del futuro<\/a><\/td><td>Aun no has aprobado este formulario<\/td><\/tr><tr><td><a href=\"https:\/\/qamcpn.digitalsolutioncore.com\/en\/formularios-quiz\/efecto-del-estres-temprano\/\">S\u00e1bado 27 | 09:00-09:45 Efecto directo del estr\u00e9s temprano en al refractariedad a psicof\u00e1rmacos en la adultez<\/a><\/td><td>Aun no has aprobado este formulario<\/td><\/tr><tr><td><a href=\"https:\/\/qamcpn.digitalsolutioncore.com\/en\/formularios-quiz\/agentes-glutamatergicos-en-psiquiatria\/\">S\u00e1bado 27 | 09:45-10:30 Agentes Glutamatergicos en psiquiatr\u00eda, desde la Ketamina hasta el dextrometorfano<\/a><\/td><td>Aun no has aprobado este formulario<\/td><\/tr><tr><td><a href=\"https:\/\/qamcpn.digitalsolutioncore.com\/en\/formularios-quiz\/usos-de-etiqueta-de-psicoestimulantes\/\">S\u00e1bado 27 | 11:00-11:45 Usos dentro y fuera de etiqueta de psicoestimulantes y mol\u00e9culas afines<\/a><\/td><td>Aun no has aprobado este formulario<\/td><\/tr><tr><td><a href=\"https:\/\/qamcpn.digitalsolutioncore.com\/en\/formularios-quiz\/comparacion-eficacia-emt\/\">S\u00e1bado 27 | 11:45-12:30 Comparaci\u00f3n Eficacia EMT<\/a><\/td><td>Aun no has aprobado este formulario<\/td><\/tr><tr><td><a href=\"https:\/\/qamcpn.digitalsolutioncore.com\/en\/formularios-quiz\/d3-novel-pharmacolog\/\">S\u00e1bado 27 | 13:00-13:45 Terapia farmacol\u00f3gica en pacientes con d\u00e9ficit cognitivo y delirium<\/a><\/td><td>Aun no has aprobado este formulario<\/td><\/tr><tr><td><a href=\"https:\/\/qamcpn.digitalsolutioncore.com\/en\/formularios-quiz\/new\/\">S\u00e1bado 27 | 13:45-14:30 \u2013 Evidencia actual de las Benzodiacepinas<\/a><\/td><td>Aun no has aprobado este formulario<\/td><\/tr><\/table>        <script>\n            document.addEventListener('DOMContentLoaded', function () {\n                var calificacion_total = 0;\n                var calificacion_pasar = 31.2;\n\n                var calificacion_paso = false;\n                var div_apr_msg = document.getElementById('apr_msg');\n                var apr_msg = div_apr_msg.querySelector('h2');\n\n\n                calificacion_total = calificacion_pasar - calificacion_total;\n\n                if (calificacion_paso == true) {\n                    apr_msg.textContent = \"Has pasado con \u00e9xito todos los formularios\";\n                } else {\n                    apr_msg.textContent = \"Te faltan \" + calificacion_total.toFixed(1) + \" puntos para pasar\";\n                }\n                console.log(calificacion_total);\n            }); \n        <\/script>\n        \t\t<div class=\"elementor-shortcode\"><\/div>\n\t\t\t\t\t\t<\/div>\n\t\t\t\t<\/div>\n\t\t\t\t<div class=\"elementor-element elementor-element-73eb5d0 elementor-widget elementor-widget-heading\" data-id=\"73eb5d0\" data-element_type=\"widget\" id=\"apr_msg\" data-widget_type=\"heading.default\">\n\t\t\t\t<div class=\"elementor-widget-container\">\n\t\t\t\t\t<h2 class=\"elementor-heading-title elementor-size-default\">Te faltan puntos para aprobar<\/h2>\t\t\t\t<\/div>\n\t\t\t\t<\/div>\n\t\t\t\t<div class=\"elementor-element elementor-element-9cc1a65 elementor-align-center elementor-widget elementor-widget-button\" data-id=\"9cc1a65\" data-element_type=\"widget\" data-widget_type=\"button.default\">\n\t\t\t\t<div class=\"elementor-widget-container\">\n\t\t\t\t\t\t\t\t\t<div class=\"elementor-button-wrapper\">\n\t\t\t\t\t<a class=\"elementor-button elementor-button-link elementor-size-sm\" href=\"https:\/\/qamcpn.digitalsolutioncore.com\/en\/certificados\/\">\n\t\t\t\t\t\t<span class=\"elementor-button-content-wrapper\">\n\t\t\t\t\t\t\t\t\t<span class=\"elementor-button-text\">Ver mis certificados<\/span>\n\t\t\t\t\t<\/span>\n\t\t\t\t\t<\/a>\n\t\t\t\t<\/div>\n\t\t\t\t\t\t\t\t<\/div>\n\t\t\t\t<\/div>\n\t\t\t\t\t<\/div>\n\t\t\t\t<\/div>\n\t\t\t\t<\/div>","protected":false},"excerpt":{"rendered":"<p>Formularios Te faltan puntos para aprobar Ver mis certificados<\/p>","protected":false},"author":6,"featured_media":0,"parent":0,"menu_order":0,"comment_status":"closed","ping_status":"closed","template":"","meta":{"footnotes":""},"class_list":["post-1364","page","type-page","status-publish","hentry"],"yoast_head":"<!-- This site is optimized with the Yoast SEO plugin v24.3 - https:\/\/yoast.com\/wordpress\/plugins\/seo\/ -->\n<title>Formularios |<\/title>\n<meta name=\"robots\" content=\"index, follow, max-snippet:-1, max-image-preview:large, max-video-preview:-1\" \/>\n<link rel=\"canonical\" href=\"https:\/\/qamcpn.digitalsolutioncore.com\/en\/formularios\/\" \/>\n<meta property=\"og:locale\" content=\"en_US\" \/>\n<meta property=\"og:type\" content=\"article\" \/>\n<meta property=\"og:title\" content=\"Formularios |\" \/>\n<meta property=\"og:description\" content=\"Formularios Te faltan puntos para aprobar Ver mis certificados\" \/>\n<meta property=\"og:url\" content=\"https:\/\/qamcpn.digitalsolutioncore.com\/en\/formularios\/\" \/>\n<meta property=\"article:publisher\" content=\"https:\/\/www.facebook.com\/MCNPMexico\" \/>\n<meta property=\"article:modified_time\" content=\"2024-04-08T16:54:10+00:00\" \/>\n<meta name=\"twitter:card\" content=\"summary_large_image\" \/>\n<meta name=\"twitter:site\" content=\"@MCNPMexico\" \/>\n<script type=\"application\/ld+json\" class=\"yoast-schema-graph\">{\"@context\":\"https:\/\/schema.org\",\"@graph\":[{\"@type\":\"WebPage\",\"@id\":\"https:\/\/qamcpn.digitalsolutioncore.com\/formularios\/\",\"url\":\"https:\/\/qamcpn.digitalsolutioncore.com\/formularios\/\",\"name\":\"Formularios |\",\"isPartOf\":{\"@id\":\"https:\/\/qamcpn.digitalsolutioncore.com\/#website\"},\"datePublished\":\"2024-03-26T18:34:39+00:00\",\"dateModified\":\"2024-04-08T16:54:10+00:00\",\"breadcrumb\":{\"@id\":\"https:\/\/qamcpn.digitalsolutioncore.com\/formularios\/#breadcrumb\"},\"inLanguage\":\"en-US\",\"potentialAction\":[{\"@type\":\"ReadAction\",\"target\":[\"https:\/\/qamcpn.digitalsolutioncore.com\/formularios\/\"]}]},{\"@type\":\"BreadcrumbList\",\"@id\":\"https:\/\/qamcpn.digitalsolutioncore.com\/formularios\/#breadcrumb\",\"itemListElement\":[{\"@type\":\"ListItem\",\"position\":1,\"name\":\"Inicio\",\"item\":\"https:\/\/qamcpn.digitalsolutioncore.com\/\"},{\"@type\":\"ListItem\",\"position\":2,\"name\":\"Formularios\"}]},{\"@type\":\"WebSite\",\"@id\":\"https:\/\/qamcpn.digitalsolutioncore.com\/#website\",\"url\":\"https:\/\/qamcpn.digitalsolutioncore.com\/\",\"name\":\"MCNP Mexico\",\"description\":\"Descifrando los datos duros de la ciencia\",\"publisher\":{\"@id\":\"https:\/\/qamcpn.digitalsolutioncore.com\/#organization\"},\"alternateName\":\"Consorcio Mexicano de NeuroPsicofarmacolog\u00eda\",\"potentialAction\":[{\"@type\":\"SearchAction\",\"target\":{\"@type\":\"EntryPoint\",\"urlTemplate\":\"https:\/\/qamcpn.digitalsolutioncore.com\/?s={search_term_string}\"},\"query-input\":{\"@type\":\"PropertyValueSpecification\",\"valueRequired\":true,\"valueName\":\"search_term_string\"}}],\"inLanguage\":\"en-US\"},{\"@type\":\"Organization\",\"@id\":\"https:\/\/qamcpn.digitalsolutioncore.com\/#organization\",\"name\":\"Consorcio Mexicano de Neuropsicofarmacolog\u00eda\",\"url\":\"https:\/\/qamcpn.digitalsolutioncore.com\/\",\"logo\":{\"@type\":\"ImageObject\",\"inLanguage\":\"en-US\",\"@id\":\"https:\/\/qamcpn.digitalsolutioncore.com\/#\/schema\/logo\/image\/\",\"url\":\"https:\/\/qamcpn.digitalsolutioncore.com\/wp-content\/uploads\/2024\/03\/Logo-2.png\",\"contentUrl\":\"https:\/\/qamcpn.digitalsolutioncore.com\/wp-content\/uploads\/2024\/03\/Logo-2.png\",\"width\":353,\"height\":84,\"caption\":\"Consorcio Mexicano de Neuropsicofarmacolog\u00eda\"},\"image\":{\"@id\":\"https:\/\/qamcpn.digitalsolutioncore.com\/#\/schema\/logo\/image\/\"},\"sameAs\":[\"https:\/\/www.facebook.com\/MCNPMexico\",\"https:\/\/x.com\/MCNPMexico\",\"https:\/\/www.tiktok.com\/@mcnpmexico?lang=es\",\"https:\/\/www.instagram.com\/mcnpmexico\/\",\"https:\/\/www.linkedin.com\/company\/mcnp-consorcio-mexicano-de-neuropsicofarmacologa\/?viewAsMember=true\"]}]}<\/script>\n<!-- \/ Yoast SEO plugin. -->","yoast_head_json":{"title":"Formularios |","robots":{"index":"index","follow":"follow","max-snippet":"max-snippet:-1","max-image-preview":"max-image-preview:large","max-video-preview":"max-video-preview:-1"},"canonical":"https:\/\/qamcpn.digitalsolutioncore.com\/en\/formularios\/","og_locale":"en_US","og_type":"article","og_title":"Formularios |","og_description":"Formularios Te faltan puntos para aprobar Ver mis certificados","og_url":"https:\/\/qamcpn.digitalsolutioncore.com\/en\/formularios\/","article_publisher":"https:\/\/www.facebook.com\/MCNPMexico","article_modified_time":"2024-04-08T16:54:10+00:00","twitter_card":"summary_large_image","twitter_site":"@MCNPMexico","schema":{"@context":"https:\/\/schema.org","@graph":[{"@type":"WebPage","@id":"https:\/\/qamcpn.digitalsolutioncore.com\/formularios\/","url":"https:\/\/qamcpn.digitalsolutioncore.com\/formularios\/","name":"Formularios |","isPartOf":{"@id":"https:\/\/qamcpn.digitalsolutioncore.com\/#website"},"datePublished":"2024-03-26T18:34:39+00:00","dateModified":"2024-04-08T16:54:10+00:00","breadcrumb":{"@id":"https:\/\/qamcpn.digitalsolutioncore.com\/formularios\/#breadcrumb"},"inLanguage":"en-US","potentialAction":[{"@type":"ReadAction","target":["https:\/\/qamcpn.digitalsolutioncore.com\/formularios\/"]}]},{"@type":"BreadcrumbList","@id":"https:\/\/qamcpn.digitalsolutioncore.com\/formularios\/#breadcrumb","itemListElement":[{"@type":"ListItem","position":1,"name":"Inicio","item":"https:\/\/qamcpn.digitalsolutioncore.com\/"},{"@type":"ListItem","position":2,"name":"Formularios"}]},{"@type":"WebSite","@id":"https:\/\/qamcpn.digitalsolutioncore.com\/#website","url":"https:\/\/qamcpn.digitalsolutioncore.com\/","name":"MCNP Mexico","description":"Descifrando los datos duros de la ciencia","publisher":{"@id":"https:\/\/qamcpn.digitalsolutioncore.com\/#organization"},"alternateName":"Consorcio Mexicano de NeuroPsicofarmacolog\u00eda","potentialAction":[{"@type":"SearchAction","target":{"@type":"EntryPoint","urlTemplate":"https:\/\/qamcpn.digitalsolutioncore.com\/?s={search_term_string}"},"query-input":{"@type":"PropertyValueSpecification","valueRequired":true,"valueName":"search_term_string"}}],"inLanguage":"en-US"},{"@type":"Organization","@id":"https:\/\/qamcpn.digitalsolutioncore.com\/#organization","name":"Consorcio Mexicano de Neuropsicofarmacolog\u00eda","url":"https:\/\/qamcpn.digitalsolutioncore.com\/","logo":{"@type":"ImageObject","inLanguage":"en-US","@id":"https:\/\/qamcpn.digitalsolutioncore.com\/#\/schema\/logo\/image\/","url":"https:\/\/qamcpn.digitalsolutioncore.com\/wp-content\/uploads\/2024\/03\/Logo-2.png","contentUrl":"https:\/\/qamcpn.digitalsolutioncore.com\/wp-content\/uploads\/2024\/03\/Logo-2.png","width":353,"height":84,"caption":"Consorcio Mexicano de Neuropsicofarmacolog\u00eda"},"image":{"@id":"https:\/\/qamcpn.digitalsolutioncore.com\/#\/schema\/logo\/image\/"},"sameAs":["https:\/\/www.facebook.com\/MCNPMexico","https:\/\/x.com\/MCNPMexico","https:\/\/www.tiktok.com\/@mcnpmexico?lang=es","https:\/\/www.instagram.com\/mcnpmexico\/","https:\/\/www.linkedin.com\/company\/mcnp-consorcio-mexicano-de-neuropsicofarmacologa\/?viewAsMember=true"]}]}},"_links":{"self":[{"href":"https:\/\/qamcpn.digitalsolutioncore.com\/en\/wp-json\/wp\/v2\/pages\/1364","targetHints":{"allow":["GET"]}}],"collection":[{"href":"https:\/\/qamcpn.digitalsolutioncore.com\/en\/wp-json\/wp\/v2\/pages"}],"about":[{"href":"https:\/\/qamcpn.digitalsolutioncore.com\/en\/wp-json\/wp\/v2\/types\/page"}],"author":[{"embeddable":true,"href":"https:\/\/qamcpn.digitalsolutioncore.com\/en\/wp-json\/wp\/v2\/users\/6"}],"replies":[{"embeddable":true,"href":"https:\/\/qamcpn.digitalsolutioncore.com\/en\/wp-json\/wp\/v2\/comments?post=1364"}],"version-history":[{"count":37,"href":"https:\/\/qamcpn.digitalsolutioncore.com\/en\/wp-json\/wp\/v2\/pages\/1364\/revisions"}],"predecessor-version":[{"id":2368,"href":"https:\/\/qamcpn.digitalsolutioncore.com\/en\/wp-json\/wp\/v2\/pages\/1364\/revisions\/2368"}],"wp:attachment":[{"href":"https:\/\/qamcpn.digitalsolutioncore.com\/en\/wp-json\/wp\/v2\/media?parent=1364"}],"curies":[{"name":"wp","href":"https:\/\/api.w.org\/{rel}","templated":true}]}}