{"id":2464,"date":"2024-04-24T11:01:37","date_gmt":"2024-04-24T17:01:37","guid":{"rendered":"https:\/\/qamcpn.digitalsolutioncore.com\/?page_id=2464"},"modified":"2024-04-24T14:22:58","modified_gmt":"2024-04-24T20:22:58","slug":"encuesta-sastifaccion","status":"publish","type":"page","link":"https:\/\/qamcpn.digitalsolutioncore.com\/en\/encuesta-sastifaccion\/","title":{"rendered":"Encuesta satisfacci\u00f3n"},"content":{"rendered":"<div data-elementor-type=\"wp-page\" data-elementor-id=\"2464\" class=\"elementor elementor-2464\" data-elementor-post-type=\"page\">\n\t\t\t\t<div class=\"elementor-element elementor-element-0dfbc49 e-con-full e-flex e-con e-parent\" data-id=\"0dfbc49\" data-element_type=\"container\">\n\t\t\t\t<div class=\"elementor-element elementor-element-2d0440d elementor-widget elementor-widget-text-editor\" data-id=\"2d0440d\" data-element_type=\"widget\" data-widget_type=\"text-editor.default\">\n\t\t\t\t<div class=\"elementor-widget-container\">\n\t\t\t\t\t\t\t\t\t<p style=\"text-align: left;\"><strong>Tener en cuenta<\/strong><\/p><ol><li style=\"text-align: left;\"><span style=\"color: #6ac5b9;\"><b>Encuesta An\u00f3nima. Nadie sabr\u00e1 que t\u00fa est\u00e1s llenando esta encuesta.\u00a0<\/b><\/span><\/li><li style=\"text-align: left;\"><span style=\"color: #6ac5b9;\"><b>S\u00f3lo puedes contestar este formulario 1 vez.<\/b><\/span><\/li><\/ol>\t\t\t\t\t\t\t\t<\/div>\n\t\t\t\t<\/div>\n\t\t\t\t<\/div>\n\t\t<div class=\"elementor-element elementor-element-977c9ab e-con-full e-flex e-con e-parent\" data-id=\"977c9ab\" data-element_type=\"container\">\n\t\t\t\t<div class=\"elementor-element elementor-element-4fa5dba elementor-widget elementor-widget-html\" data-id=\"4fa5dba\" data-element_type=\"widget\" data-widget_type=\"html.default\">\n\t\t\t\t<div class=\"elementor-widget-container\">\n\t\t\t\t\t<iframe src=\"https:\/\/fhi2pnnx.forms.app\/encuesta-de-salida\" width=\"100%\" height=\"600px\" frameborder=\"0\" scrolling=\"auto\"><\/iframe>\r\n\t\t\t\t<\/div>\n\t\t\t\t<\/div>\n\t\t\t\t<\/div>\n\t\t\t\t<\/div>","protected":false},"excerpt":{"rendered":"<p>Tener en cuenta Encuesta An\u00f3nima. Nadie sabr\u00e1 que t\u00fa est\u00e1s llenando esta encuesta.\u00a0 S\u00f3lo puedes contestar este formulario 1 vez.<\/p>","protected":false},"author":6,"featured_media":0,"parent":0,"menu_order":0,"comment_status":"closed","ping_status":"closed","template":"","meta":{"footnotes":""},"class_list":["post-2464","page","type-page","status-publish","hentry"],"yoast_head":"<!-- This site is optimized with the Yoast SEO plugin v24.3 - https:\/\/yoast.com\/wordpress\/plugins\/seo\/ -->\n<title>Encuesta satisfacci\u00f3n |<\/title>\n<meta name=\"robots\" content=\"index, follow, max-snippet:-1, max-image-preview:large, max-video-preview:-1\" \/>\n<link rel=\"canonical\" href=\"https:\/\/qamcpn.digitalsolutioncore.com\/en\/encuesta-sastifaccion\/\" \/>\n<meta property=\"og:locale\" content=\"en_US\" \/>\n<meta property=\"og:type\" content=\"article\" \/>\n<meta property=\"og:title\" content=\"Encuesta satisfacci\u00f3n |\" \/>\n<meta property=\"og:description\" content=\"Tener en cuenta Encuesta An\u00f3nima. Nadie sabr\u00e1 que t\u00fa est\u00e1s llenando esta encuesta.\u00a0 S\u00f3lo puedes contestar este formulario 1 vez.\" \/>\n<meta property=\"og:url\" content=\"https:\/\/qamcpn.digitalsolutioncore.com\/en\/encuesta-sastifaccion\/\" \/>\n<meta property=\"article:publisher\" content=\"https:\/\/www.facebook.com\/MCNPMexico\" \/>\n<meta property=\"article:modified_time\" content=\"2024-04-24T20:22:58+00:00\" \/>\n<meta name=\"twitter:card\" content=\"summary_large_image\" \/>\n<meta name=\"twitter:site\" content=\"@MCNPMexico\" \/>\n<meta name=\"twitter:label1\" content=\"Est. reading time\" \/>\n\t<meta name=\"twitter:data1\" content=\"1 minute\" \/>\n<script type=\"application\/ld+json\" class=\"yoast-schema-graph\">{\"@context\":\"https:\/\/schema.org\",\"@graph\":[{\"@type\":\"WebPage\",\"@id\":\"https:\/\/qamcpn.digitalsolutioncore.com\/encuesta-sastifaccion\/\",\"url\":\"https:\/\/qamcpn.digitalsolutioncore.com\/encuesta-sastifaccion\/\",\"name\":\"Encuesta satisfacci\u00f3n |\",\"isPartOf\":{\"@id\":\"https:\/\/qamcpn.digitalsolutioncore.com\/#website\"},\"datePublished\":\"2024-04-24T17:01:37+00:00\",\"dateModified\":\"2024-04-24T20:22:58+00:00\",\"breadcrumb\":{\"@id\":\"https:\/\/qamcpn.digitalsolutioncore.com\/encuesta-sastifaccion\/#breadcrumb\"},\"inLanguage\":\"en-US\",\"potentialAction\":[{\"@type\":\"ReadAction\",\"target\":[\"https:\/\/qamcpn.digitalsolutioncore.com\/encuesta-sastifaccion\/\"]}]},{\"@type\":\"BreadcrumbList\",\"@id\":\"https:\/\/qamcpn.digitalsolutioncore.com\/encuesta-sastifaccion\/#breadcrumb\",\"itemListElement\":[{\"@type\":\"ListItem\",\"position\":1,\"name\":\"Inicio\",\"item\":\"https:\/\/qamcpn.digitalsolutioncore.com\/\"},{\"@type\":\"ListItem\",\"position\":2,\"name\":\"Encuesta satisfacci\u00f3n\"}]},{\"@type\":\"WebSite\",\"@id\":\"https:\/\/qamcpn.digitalsolutioncore.com\/#website\",\"url\":\"https:\/\/qamcpn.digitalsolutioncore.com\/\",\"name\":\"MCNP Mexico\",\"description\":\"Descifrando los datos duros de la ciencia\",\"publisher\":{\"@id\":\"https:\/\/qamcpn.digitalsolutioncore.com\/#organization\"},\"alternateName\":\"Consorcio Mexicano de NeuroPsicofarmacolog\u00eda\",\"potentialAction\":[{\"@type\":\"SearchAction\",\"target\":{\"@type\":\"EntryPoint\",\"urlTemplate\":\"https:\/\/qamcpn.digitalsolutioncore.com\/?s={search_term_string}\"},\"query-input\":{\"@type\":\"PropertyValueSpecification\",\"valueRequired\":true,\"valueName\":\"search_term_string\"}}],\"inLanguage\":\"en-US\"},{\"@type\":\"Organization\",\"@id\":\"https:\/\/qamcpn.digitalsolutioncore.com\/#organization\",\"name\":\"Consorcio Mexicano de Neuropsicofarmacolog\u00eda\",\"url\":\"https:\/\/qamcpn.digitalsolutioncore.com\/\",\"logo\":{\"@type\":\"ImageObject\",\"inLanguage\":\"en-US\",\"@id\":\"https:\/\/qamcpn.digitalsolutioncore.com\/#\/schema\/logo\/image\/\",\"url\":\"https:\/\/qamcpn.digitalsolutioncore.com\/wp-content\/uploads\/2024\/03\/Logo-2.png\",\"contentUrl\":\"https:\/\/qamcpn.digitalsolutioncore.com\/wp-content\/uploads\/2024\/03\/Logo-2.png\",\"width\":353,\"height\":84,\"caption\":\"Consorcio Mexicano de Neuropsicofarmacolog\u00eda\"},\"image\":{\"@id\":\"https:\/\/qamcpn.digitalsolutioncore.com\/#\/schema\/logo\/image\/\"},\"sameAs\":[\"https:\/\/www.facebook.com\/MCNPMexico\",\"https:\/\/x.com\/MCNPMexico\",\"https:\/\/www.tiktok.com\/@mcnpmexico?lang=es\",\"https:\/\/www.instagram.com\/mcnpmexico\/\",\"https:\/\/www.linkedin.com\/company\/mcnp-consorcio-mexicano-de-neuropsicofarmacologa\/?viewAsMember=true\"]}]}<\/script>\n<!-- \/ Yoast SEO plugin. -->","yoast_head_json":{"title":"Encuesta satisfacci\u00f3n |","robots":{"index":"index","follow":"follow","max-snippet":"max-snippet:-1","max-image-preview":"max-image-preview:large","max-video-preview":"max-video-preview:-1"},"canonical":"https:\/\/qamcpn.digitalsolutioncore.com\/en\/encuesta-sastifaccion\/","og_locale":"en_US","og_type":"article","og_title":"Encuesta satisfacci\u00f3n |","og_description":"Tener en cuenta Encuesta An\u00f3nima. Nadie sabr\u00e1 que t\u00fa est\u00e1s llenando esta encuesta.\u00a0 S\u00f3lo puedes contestar este formulario 1 vez.","og_url":"https:\/\/qamcpn.digitalsolutioncore.com\/en\/encuesta-sastifaccion\/","article_publisher":"https:\/\/www.facebook.com\/MCNPMexico","article_modified_time":"2024-04-24T20:22:58+00:00","twitter_card":"summary_large_image","twitter_site":"@MCNPMexico","twitter_misc":{"Est. reading time":"1 minute"},"schema":{"@context":"https:\/\/schema.org","@graph":[{"@type":"WebPage","@id":"https:\/\/qamcpn.digitalsolutioncore.com\/encuesta-sastifaccion\/","url":"https:\/\/qamcpn.digitalsolutioncore.com\/encuesta-sastifaccion\/","name":"Encuesta satisfacci\u00f3n |","isPartOf":{"@id":"https:\/\/qamcpn.digitalsolutioncore.com\/#website"},"datePublished":"2024-04-24T17:01:37+00:00","dateModified":"2024-04-24T20:22:58+00:00","breadcrumb":{"@id":"https:\/\/qamcpn.digitalsolutioncore.com\/encuesta-sastifaccion\/#breadcrumb"},"inLanguage":"en-US","potentialAction":[{"@type":"ReadAction","target":["https:\/\/qamcpn.digitalsolutioncore.com\/encuesta-sastifaccion\/"]}]},{"@type":"BreadcrumbList","@id":"https:\/\/qamcpn.digitalsolutioncore.com\/encuesta-sastifaccion\/#breadcrumb","itemListElement":[{"@type":"ListItem","position":1,"name":"Inicio","item":"https:\/\/qamcpn.digitalsolutioncore.com\/"},{"@type":"ListItem","position":2,"name":"Encuesta satisfacci\u00f3n"}]},{"@type":"WebSite","@id":"https:\/\/qamcpn.digitalsolutioncore.com\/#website","url":"https:\/\/qamcpn.digitalsolutioncore.com\/","name":"MCNP Mexico","description":"Descifrando los datos duros de la ciencia","publisher":{"@id":"https:\/\/qamcpn.digitalsolutioncore.com\/#organization"},"alternateName":"Consorcio Mexicano de NeuroPsicofarmacolog\u00eda","potentialAction":[{"@type":"SearchAction","target":{"@type":"EntryPoint","urlTemplate":"https:\/\/qamcpn.digitalsolutioncore.com\/?s={search_term_string}"},"query-input":{"@type":"PropertyValueSpecification","valueRequired":true,"valueName":"search_term_string"}}],"inLanguage":"en-US"},{"@type":"Organization","@id":"https:\/\/qamcpn.digitalsolutioncore.com\/#organization","name":"Consorcio Mexicano de Neuropsicofarmacolog\u00eda","url":"https:\/\/qamcpn.digitalsolutioncore.com\/","logo":{"@type":"ImageObject","inLanguage":"en-US","@id":"https:\/\/qamcpn.digitalsolutioncore.com\/#\/schema\/logo\/image\/","url":"https:\/\/qamcpn.digitalsolutioncore.com\/wp-content\/uploads\/2024\/03\/Logo-2.png","contentUrl":"https:\/\/qamcpn.digitalsolutioncore.com\/wp-content\/uploads\/2024\/03\/Logo-2.png","width":353,"height":84,"caption":"Consorcio Mexicano de Neuropsicofarmacolog\u00eda"},"image":{"@id":"https:\/\/qamcpn.digitalsolutioncore.com\/#\/schema\/logo\/image\/"},"sameAs":["https:\/\/www.facebook.com\/MCNPMexico","https:\/\/x.com\/MCNPMexico","https:\/\/www.tiktok.com\/@mcnpmexico?lang=es","https:\/\/www.instagram.com\/mcnpmexico\/","https:\/\/www.linkedin.com\/company\/mcnp-consorcio-mexicano-de-neuropsicofarmacologa\/?viewAsMember=true"]}]}},"_links":{"self":[{"href":"https:\/\/qamcpn.digitalsolutioncore.com\/en\/wp-json\/wp\/v2\/pages\/2464","targetHints":{"allow":["GET"]}}],"collection":[{"href":"https:\/\/qamcpn.digitalsolutioncore.com\/en\/wp-json\/wp\/v2\/pages"}],"about":[{"href":"https:\/\/qamcpn.digitalsolutioncore.com\/en\/wp-json\/wp\/v2\/types\/page"}],"author":[{"embeddable":true,"href":"https:\/\/qamcpn.digitalsolutioncore.com\/en\/wp-json\/wp\/v2\/users\/6"}],"replies":[{"embeddable":true,"href":"https:\/\/qamcpn.digitalsolutioncore.com\/en\/wp-json\/wp\/v2\/comments?post=2464"}],"version-history":[{"count":8,"href":"https:\/\/qamcpn.digitalsolutioncore.com\/en\/wp-json\/wp\/v2\/pages\/2464\/revisions"}],"predecessor-version":[{"id":2475,"href":"https:\/\/qamcpn.digitalsolutioncore.com\/en\/wp-json\/wp\/v2\/pages\/2464\/revisions\/2475"}],"wp:attachment":[{"href":"https:\/\/qamcpn.digitalsolutioncore.com\/en\/wp-json\/wp\/v2\/media?parent=2464"}],"curies":[{"name":"wp","href":"https:\/\/api.w.org\/{rel}","templated":true}]}}