{"id":3,"date":"2024-03-04T16:27:10","date_gmt":"2024-03-04T16:27:10","guid":{"rendered":"https:\/\/qamcpn.digitalsolutioncore.com\/?page_id=3"},"modified":"2024-03-21T06:02:59","modified_gmt":"2024-03-21T06:02:59","slug":"privacy-policy","status":"publish","type":"page","link":"https:\/\/qamcpn.digitalsolutioncore.com\/en\/privacy-policy\/","title":{"rendered":"Privacy Policy"},"content":{"rendered":"<div data-elementor-type=\"wp-page\" data-elementor-id=\"3\" class=\"elementor elementor-3\" data-elementor-post-type=\"page\">\n\t\t\t\t<div class=\"elementor-element elementor-element-2653a87 e-flex e-con-boxed e-con e-parent\" data-id=\"2653a87\" data-element_type=\"container\">\n\t\t\t\t\t<div class=\"e-con-inner\">\n\t\t\t\t<div class=\"elementor-element elementor-element-ee1b943 elementor-widget elementor-widget-spacer\" data-id=\"ee1b943\" data-element_type=\"widget\" data-widget_type=\"spacer.default\">\n\t\t\t\t<div class=\"elementor-widget-container\">\n\t\t\t\t\t\t\t<div class=\"elementor-spacer\">\n\t\t\t<div class=\"elementor-spacer-inner\"><\/div>\n\t\t<\/div>\n\t\t\t\t\t\t<\/div>\n\t\t\t\t<\/div>\n\t\t\t\t<div class=\"elementor-element elementor-element-d6fe5a1 elementor-widget elementor-widget-heading\" data-id=\"d6fe5a1\" data-element_type=\"widget\" data-widget_type=\"heading.default\">\n\t\t\t\t<div class=\"elementor-widget-container\">\n\t\t\t\t\t<h2 class=\"elementor-heading-title elementor-size-default\">Aviso de Privacidad Integral de\nMCNP Consorcio Mexicano de Neuropsicofarmacolog\u00eda<\/h2>\t\t\t\t<\/div>\n\t\t\t\t<\/div>\n\t\t\t\t<div class=\"elementor-element elementor-element-02fd39b elementor-widget elementor-widget-text-editor\" data-id=\"02fd39b\" data-element_type=\"widget\" data-widget_type=\"text-editor.default\">\n\t\t\t\t<div class=\"elementor-widget-container\">\n\t\t\t\t\t\t\t\t\t<p class=\"font_8 wixui-rich-text__text\">Al interactuar con el sitio web de MCNP Consorcio Mexicano de Neuropsicofarmacolog\u00eda de cualquier manera posible, usted acepta las disposiciones se\u00f1aladas en el presente aviso de privacidad integral. Este aviso de privacidad entra en vigor el 24 mayo del 2023.\u00a0 Al interactuar con MCNP Consorcio Mexicano de Neuropsicofarmacolog\u00eda, de cualquier manera, implica que usted acepta expresamente este aviso de privacidad integral.<\/p>\n<ol class=\"font_8 wixui-rich-text__text\">\n<li class=\"wixui-rich-text__text\">\n<p class=\"font_8 wixui-rich-text__text\">Identidad y domicilio.<\/p>\n<\/li>\n<\/ol>\n<p class=\"font_8 wixui-rich-text__text\">El responsable del tratamiento de sus datos personales, MCNP Consorcio Mexicano de Neuropsicofarmacolog\u00eda, con domicilio en Av. Jos\u00e9 Mar\u00eda Larroque 1234. Col. Nueva, Mexicali, Baja California C.P. 21100. En lo sucesivo, al responsable se le podr\u00e1 denominar indistintamente \u201cMCNP.\u201d\u00a0<\/p>\n<ol class=\"font_8 wixui-rich-text__text\">\n<li class=\"wixui-rich-text__text\">\n<p class=\"font_8 wixui-rich-text__text\">Finalidades del tratamiento de los datos.<\/p>\n<\/li>\n<\/ol>\n<p class=\"font_8 wixui-rich-text__text\">Recabamos de usted las siguientes categor\u00edas de datos: de identificaci\u00f3n, de contacto, laborales,\u00a0 acad\u00e9micos, de pago y facturaci\u00f3n.<\/p>\n<p class=\"font_8 wixui-rich-text__text\">Haciendo de su conocimiento que:<\/p>\n<ul class=\"font_8 wixui-rich-text__text\">\n<li class=\"wixui-rich-text__text\">\n<p class=\"font_8 wixui-rich-text__text\">No ser\u00e1 tratado ning\u00fan tipo de dato sensible.<\/p>\n<\/li>\n<li class=\"wixui-rich-text__text\">\n<p class=\"font_8 wixui-rich-text__text\">No somos responsables por cualquier dato personal que usted voluntariamente publique en nuestra p\u00e1gina web o a trav\u00e9s de nuestras redes sociales. Dichos datos no son requeridos, deseados, ni monitoreados. Usted es el \u00fanico responsable por la publicaci\u00f3n no solicitada de datos personales suyos o de terceros. \u00a0<\/p>\n<\/li>\n<\/ul>\n<p class=\"font_8 wixui-rich-text__text\">Usaremos sus datos personales para los siguientes fines:<\/p>\n<ul class=\"font_8 wixui-rich-text__text\">\n<li class=\"wixui-rich-text__text\">\n<p class=\"font_8 wixui-rich-text__text\">Ponernos en contacto con usted.<\/p>\n<\/li>\n<\/ul>\n<p class=\"font_8 wixui-rich-text__text\">\u00a0<\/p>\n<ul class=\"font_8 wixui-rich-text__text\">\n<li class=\"wixui-rich-text__text\">\n<p class=\"font_8 wixui-rich-text__text\">Administrar la base de datos de todos los usuarios de los servicios de nuestra p\u00e1gina.<\/p>\n<\/li>\n<li class=\"wixui-rich-text__text\">\n<p class=\"font_8 wixui-rich-text__text\">Llevar un registro de sus asistencias a nuestros eventos.<\/p>\n<\/li>\n<li class=\"wixui-rich-text__text\">\n<p class=\"font_8 wixui-rich-text__text\">Invitarlo(a) a nuestros eventos acad\u00e9micos, sociales y culturales (y de cualquier otra naturaleza), y para llevar a cabo la impresi\u00f3n de diplomas, certificados, identificadores (gafetes o portanombres) relacionados con dichos eventos, entre otras actividades an\u00e1logas.<\/p>\n<\/li>\n<li class=\"wixui-rich-text__text\">\n<p class=\"font_8 wixui-rich-text__text\">Labores de cobranza, por asistencia a eventos.<\/p>\n<\/li>\n<li class=\"wixui-rich-text__text\">\n<p class=\"font_8 wixui-rich-text__text\">Ponerlo en contacto, si fuera necesario, con coordinadores de comit\u00e9s y\/o comisiones de trabajo.<\/p>\n<\/li>\n<li class=\"wixui-rich-text__text\">\n<p class=\"font_8 wixui-rich-text__text\">Difundir informaci\u00f3n (escrita o audiovisual) acerca de nuestros eventos a trav\u00e9s de medios impresos, electr\u00f3nicos o en cualquier otro formato. Ello incluye la publicaci\u00f3n de fotograf\u00edas, videos y\/o nombres.<\/p>\n<\/li>\n<li class=\"wixui-rich-text__text\">\n<p class=\"font_8 wixui-rich-text__text\">Hacerle llegar cualquier beneficio obtenido de nuestros patrocinadores.<\/p>\n<\/li>\n<\/ul>\n<p class=\"font_8 wixui-rich-text__text\">\u00a0<\/p>\n<p class=\"font_8 wixui-rich-text__text\">Si usted es empleado o candidato a un puesto de trabajo en MCNP: Usaremos sus datos personales para determinar si usted cumple con los requisitos para ser empleado, as\u00ed como para administrar la relaci\u00f3n laboral. En determinadas circunstancias, sus datos de identificaci\u00f3n y contacto podr\u00edan estar accesibles a los miembros del MCNP y a los asistentes a nuestros eventos.<\/p>\n<p class=\"font_8 wixui-rich-text__text\">\u00a0<\/p>\n<p class=\"font_8 wixui-rich-text__text\">Si usted es conferencista, asistente o expositor en un evento organizado por nosotros, usaremos sus datos personales para:<\/p>\n<ul class=\"font_8 wixui-rich-text__text\">\n<li class=\"wixui-rich-text__text\">\n<p class=\"font_8 wixui-rich-text__text\">Llevar un registro de asistencia a nuestros eventos.<\/p>\n<\/li>\n<li class=\"wixui-rich-text__text\">\n<p class=\"font_8 wixui-rich-text__text\">Invitarlo a nuestros eventos acad\u00e9micos, sociales y culturales (y de cualquier otra naturaleza), y para llevar a cabo la impresi\u00f3n de diplomas, certificados, identificadores (gafetes o portanombres) relacionados con dichos eventos, entre otras actividades an\u00e1logas.<\/p>\n<\/li>\n<li class=\"wixui-rich-text__text\">\n<p class=\"font_8 wixui-rich-text__text\">Labores de cobranza por asistencia a eventos;<\/p>\n<\/li>\n<li class=\"wixui-rich-text__text\">\n<p class=\"font_8 wixui-rich-text__text\">difundir informaci\u00f3n (escrita o audiovisual) acerca de nuestros eventos a trav\u00e9s de medios impresos, electr\u00f3nicos o en cualquier otro formato. Ello incluye la publicaci\u00f3n de fotograf\u00edas, videos y\/o nombres.<\/p>\n<\/li>\n<li class=\"wixui-rich-text__text\">\n<p class=\"font_8 wixui-rich-text__text\">Hacerle llegar cualquier beneficio obtenido de nuestros patrocinadores.<\/p>\n<\/li>\n<li class=\"wixui-rich-text__text\">\n<p class=\"font_8 wixui-rich-text__text\">Para llevar a cabo pagos por concepto de honorarios o vi\u00e1ticos.<\/p>\n<\/li>\n<li class=\"wixui-rich-text__text\">\n<p class=\"font_8 wixui-rich-text__text\">Ponerlo en contacto, si fuere necesario, con coordinadores de comit\u00e9s o comisiones de trabajo.<\/p>\n<\/li>\n<li class=\"wixui-rich-text__text\">\n<p class=\"font_8 wixui-rich-text__text\">Para la organizaci\u00f3n y gestiones de transportaci\u00f3n y hospedaje.<\/p>\n<\/li>\n<\/ul>\n<p class=\"font_8 wixui-rich-text__text\">\u00a0<\/p>\n<p class=\"font_8 wixui-rich-text__text\">Si usted es proveedor (persona f\u00edsica y\/o persona moral) de MCNP, usaremos sus datos personales para administrar la relaci\u00f3n comercial o de prestaci\u00f3n de servicios que tengamos con usted, as\u00ed como para generar pagos por sus servicios.<\/p>\n<p class=\"font_8 wixui-rich-text__text\">Dado que el inter\u00e9s principal en MCNP es asistir a eventos acad\u00e9micos, de capacitaci\u00f3n continua e incluso sociales y culturales, no consideramos que invitarlo a dichas actividades sea una finalidad ajena (no necesaria) a la relaci\u00f3n jur\u00eddica que tenemos con usted.<\/p>\n<p class=\"font_8 wixui-rich-text__text\">\u00a0<\/p>\n<p class=\"font_8 wixui-rich-text__text\">Sin embargo, si usted no es miembro de MCNP pero tenemos sus datos personales porque ha asistido a nuestros eventos como \u201cinvitado externo\u201d, le informamos que como finalidad no necesaria para la relaci\u00f3n jur\u00eddica se encuentra el tratar sus datos para enviarle invitaciones a futuros eventos acad\u00e9micos, sociales y culturales que organice el Consorcio.<\/p>\n<p class=\"font_8 wixui-rich-text__text\">\u00a0<\/p>\n<p class=\"font_8 wixui-rich-text__text\">3. \u00a0\u00a0 Mecanismo para manifestar negativa de aquellas finalidades que no son necesarias para la relaci\u00f3n jur\u00eddica entre el responsable y el titular:<\/p>\n<p class=\"font_8 wixui-rich-text__text\">\u00a0<\/p>\n<ul class=\"font_8 wixui-rich-text__text\">\n<li class=\"wixui-rich-text__text\">\n<p class=\"font_8 wixui-rich-text__text\">Usted podr\u00e1 manifestar su negativa para las finalidades no necesarias para la relaci\u00f3n jur\u00eddica enviando un correo electr\u00f3nico a nuestro oficial de privacidad a\u00a0<a class=\"wixui-rich-text__text\" href=\"mailto:laexperiencia@mcnpmexico.org\" data-auto-recognition=\"true\">laexperiencia@mcnpmexico.org<\/a><\/p>\n<\/li>\n<\/ul>\n<p class=\"font_8 wixui-rich-text__text\">\u00a0<\/p>\n<p class=\"font_8 wixui-rich-text__text\">\u00a0<\/p>\n<p class=\"font_8 wixui-rich-text__text\">Hacemos de su conocimiento que en virtud de que el motivo principal de pertenecer a un Consorcio de M\u00e9dicos especialistas es asistir a eventos acad\u00e9micos, de capacitaci\u00f3n continua e incluso sociales y culturales, no consideramos que invitarlo a dichas actividades sea una finalidad de mercadotecnia, publicitaria o de prospecci\u00f3n comercial.<\/p>\n<p class=\"font_8 wixui-rich-text__text\">\u00a0<\/p>\n<p class=\"font_8 wixui-rich-text__text\">4. Las opciones y medios que el responsable ofrece al titular para limitar el uso o divulgaci\u00f3n de los datos personales:<\/p>\n<p class=\"font_8 wixui-rich-text__text\">\u00a0<\/p>\n<p class=\"font_8 wixui-rich-text__text\">Favor de comunicarse con nuestro oficial de privacidad presentando su solicitud por escrito en el domicilio de MCNP Consorcio Mexicano de Neuropsicofarmacolog\u00eda en Av. Jos\u00e9 Mar\u00eda Larroque 1234 Col. Nueva, Mexicali, Baja California. C.P. 21100, para los efectos antes se\u00f1alados.<\/p>\n<p class=\"font_8 wixui-rich-text__text\">\u00a0<\/p>\n<p class=\"font_8 wixui-rich-text__text\">5.\u00a0 Medios para ejercer los derechos ARCO (acceso, rectificaci\u00f3n, cancelaci\u00f3n y oposici\u00f3n):<\/p>\n<p class=\"font_8 wixui-rich-text__text\">\u00a0<\/p>\n<ul class=\"font_8 wixui-rich-text__text\">\n<li class=\"wixui-rich-text__text\">\n<p class=\"font_8 wixui-rich-text__text\">Si usted desea ejercer cualesquier Derecho ARCO, favor de cumplir lo que para tal efecto se\u00f1ala la legislaci\u00f3n vigente, enviando para ello su solicitud por escrito a nuestro oficial de privacidad, en domicilio previsto en el presente aviso de privacidad, dicha solicitud deber\u00e1 contener los siguientes requisitos:<\/p>\n<\/li>\n<\/ul>\n<p class=\"font_8 wixui-rich-text__text\">El escrito de solicitud deber\u00e1 contener:<\/p>\n<ol class=\"font_8 wixui-rich-text__text\">\n<li class=\"wixui-rich-text__text\">\n<p class=\"font_8 wixui-rich-text__text\">\u00a0El nombre del Titular correo electr\u00f3nico, tel\u00e9fono y domicilio u otro medio para comunicarle la respuesta a su solicitud.<\/p>\n<\/li>\n<li class=\"wixui-rich-text__text\">\n<p class=\"font_8 wixui-rich-text__text\">Los documentos que acrediten la identidad o, en su caso, la representaci\u00f3n legal del Titular.<\/p>\n<\/li>\n<li class=\"wixui-rich-text__text\">\n<p class=\"font_8 wixui-rich-text__text\">La descripci\u00f3n clara y precisa de los datos personales respecto de los cuales desea ejercer alguno de los derechos antes mencionados.<\/p>\n<\/li>\n<li class=\"wixui-rich-text__text\">\n<p class=\"font_8 wixui-rich-text__text\">Cualquier otro elemento o documento que facilite la localizaci\u00f3n de los datos personales.<\/p>\n<\/li>\n<\/ol>\n<ul class=\"font_8 wixui-rich-text__text\">\n<li class=\"wixui-rich-text__text\">\n<p class=\"font_8 wixui-rich-text__text\">Para dar tr\u00e1mite al derecho de acceso, le haremos llegar al correo electr\u00f3nico que usted nos indique, la lista electr\u00f3nica de los datos personales que tenemos de usted. Si por el tipo o volumen de datos que tenemos sobre usted, a nuestra sola discreci\u00f3n, podr\u00edamos darle acceso a sus datos personales en sitio, para lo cual le se\u00f1alar\u00edamos hora y fecha para que nos visite en nuestras oficinas. Si este fuera el caso, usted solamente tendr\u00e1 acceso a sus datos personales, sin que ello implique que le entreguemos copias o que usted pueda fotografiar documentos donde \u00e9stos est\u00e9n contenidos.<\/p>\n<\/li>\n<\/ul>\n<p class=\"font_8 wixui-rich-text__text\">\u00a0 \u00a0 \u00a0 \u00a0 \u00a0 \u00a0<\/p>\n<p class=\"font_8 wixui-rich-text__text\">6. \u00a0 Sobre transferencias de datos:\u00a0<\/p>\n<p class=\"font_8 wixui-rich-text__text\">El usuario de esta p\u00e1gina web acepta que el MCNP podr\u00e1 remitir sus datos personales a terceros que han sido contratados por el MCNP para que realicen en su nombre y representaci\u00f3n ciertas tareas relacionadas con las actividades relativas a la administraci\u00f3n del servidor. Estos terceros pueden tratar los datos en cumplimiento de las instrucciones del MCNP, o tomar decisiones sobre ellos como parte de la prestaci\u00f3n de sus servicios. En cualquiera de los dos casos, el MNCP seleccionar\u00e1 proveedores que considere confiables y que se comprometan mediante un contrato u otros medios legales aplicables, a implementar las medidas de seguridad necesarias para garantizar un nivel de protecci\u00f3n adecuado a sus datos personales. Derivado de lo anterior, el MNCP exigir\u00e1 a sus proveedores que cumplan con medidas de seguridad que garanticen los mismos niveles de protecci\u00f3n que el MNCP implementa durante el tratamiento de los datos.<\/p>\n<p class=\"font_8 wixui-rich-text__text\">\u00a0<\/p>\n<p class=\"font_8 wixui-rich-text__text\">7. \u00a0 \u00a0Eventos en colaboraci\u00f3n con otras entidades<\/p>\n<p class=\"font_8 wixui-rich-text__text\">\u00a0Tome en cuenta que por la naturaleza propia de las actividades que realiza el MCNP, es posible que realicemos eventos en conjunto con otras asociaciones, instituciones, empresas, universidades o entidades, en cuyo caso aplicar\u00e1n simult\u00e1neamente los avisos de privacidad de dichas organizaciones, siendo cada una de ellas \u201cresponsable\u201d del tratamiento de sus datos personales, sin que ello implique transferencia o remisi\u00f3n de datos personales.<\/p>\n<p class=\"font_8 wixui-rich-text__text\">8. \u00a0 Interacci\u00f3n con otras entidades o plataformas electr\u00f3nicas<\/p>\n<p class=\"font_8 wixui-rich-text__text\">\u00a0Al interactuar con nosotros electr\u00f3nicamente, es posible que usted use otras plataformas como Facebook, Twitter, Instagram, herramientas de videoconferencias para webinars, entre otras. Cada una de estas plataformas debe tener su propio aviso de privacidad, por lo que ellas son \u201cresponsables\u201d del tratamiento de sus datos personales, sin que ello implique transferencia o remisi\u00f3n de datos personales. El tratamiento de sus datos personales por estas entidades o plataformas puede estar sujeto a legislaci\u00f3n de otras jurisdicciones.<\/p>\n<p class=\"font_8 wixui-rich-text__text\">9. \u00a0 En caso de que exista alg\u00fan cambio en este aviso de privacidad, lo comunicaremos de la siguiente manera<\/p>\n<p class=\"font_8 wixui-rich-text__text\">Publicando la fecha de \u00faltima modificaci\u00f3n al presente aviso de privacidad en la secci\u00f3n correspondiente de nuestro sitio web.<\/p>\n<p class=\"font_8 wixui-rich-text__text\">\u00a0No seremos responsables si usted no visita este aviso de privacidad para enterarse de la(s) modificaci\u00f3n(es) m\u00e1s reciente(s). Por su seguridad, revise en todo momento que as\u00ed lo desee el contenido de este aviso de privacidad en nuestro sitio web.<\/p>\t\t\t\t\t\t\t\t<\/div>\n\t\t\t\t<\/div>\n\t\t\t\t\t<\/div>\n\t\t\t\t<\/div>\n\t\t<div class=\"elementor-element elementor-element-f29b047 e-flex e-con-boxed e-con e-parent\" data-id=\"f29b047\" data-element_type=\"container\">\n\t\t\t\t\t<div class=\"e-con-inner\">\n\t\t\t\t<div class=\"elementor-element elementor-element-18b7355 elementor-widget elementor-widget-spacer\" data-id=\"18b7355\" data-element_type=\"widget\" data-widget_type=\"spacer.default\">\n\t\t\t\t<div class=\"elementor-widget-container\">\n\t\t\t\t\t\t\t<div class=\"elementor-spacer\">\n\t\t\t<div class=\"elementor-spacer-inner\"><\/div>\n\t\t<\/div>\n\t\t\t\t\t\t<\/div>\n\t\t\t\t<\/div>\n\t\t\t\t\t<\/div>\n\t\t\t\t<\/div>\n\t\t\t\t<\/div>","protected":false},"excerpt":{"rendered":"<p>Aviso de Privacidad Integral de MCNP Consorcio Mexicano de Neuropsicofarmacolog\u00eda Al interactuar con el sitio web de MCNP Consorcio Mexicano de Neuropsicofarmacolog\u00eda de cualquier manera posible, usted acepta las disposiciones se\u00f1aladas en el presente aviso de privacidad integral. Este aviso de privacidad entra en vigor el 24 mayo del 2023.\u00a0 Al interactuar con MCNP Consorcio [&hellip;]<\/p>","protected":false},"author":1,"featured_media":0,"parent":0,"menu_order":0,"comment_status":"closed","ping_status":"open","template":"elementor_header_footer","meta":{"footnotes":""},"class_list":["post-3","page","type-page","status-publish","hentry"],"yoast_head":"<!-- This site is optimized with the Yoast SEO plugin v24.3 - https:\/\/yoast.com\/wordpress\/plugins\/seo\/ -->\n<title>Privacy Policy |<\/title>\n<meta name=\"robots\" content=\"index, follow, max-snippet:-1, max-image-preview:large, max-video-preview:-1\" \/>\n<link rel=\"canonical\" href=\"https:\/\/qamcpn.digitalsolutioncore.com\/en\/privacy-policy\/\" \/>\n<meta property=\"og:locale\" content=\"en_US\" \/>\n<meta property=\"og:type\" content=\"article\" \/>\n<meta property=\"og:title\" content=\"Privacy Policy |\" \/>\n<meta property=\"og:description\" content=\"Aviso de Privacidad Integral de MCNP Consorcio Mexicano de Neuropsicofarmacolog\u00eda Al interactuar con el sitio web de MCNP Consorcio Mexicano de Neuropsicofarmacolog\u00eda de cualquier manera posible, usted acepta las disposiciones se\u00f1aladas en el presente aviso de privacidad integral. Este aviso de privacidad entra en vigor el 24 mayo del 2023.\u00a0 Al interactuar con MCNP Consorcio [&hellip;]\" \/>\n<meta property=\"og:url\" content=\"https:\/\/qamcpn.digitalsolutioncore.com\/en\/privacy-policy\/\" \/>\n<meta property=\"article:publisher\" content=\"https:\/\/www.facebook.com\/MCNPMexico\" \/>\n<meta property=\"article:modified_time\" content=\"2024-03-21T06:02:59+00:00\" \/>\n<meta name=\"twitter:card\" content=\"summary_large_image\" \/>\n<meta name=\"twitter:site\" content=\"@MCNPMexico\" \/>\n<meta name=\"twitter:label1\" content=\"Est. reading time\" \/>\n\t<meta name=\"twitter:data1\" content=\"8 minutes\" \/>\n<script type=\"application\/ld+json\" class=\"yoast-schema-graph\">{\"@context\":\"https:\/\/schema.org\",\"@graph\":[{\"@type\":\"WebPage\",\"@id\":\"https:\/\/qamcpn.digitalsolutioncore.com\/privacy-policy\/\",\"url\":\"https:\/\/qamcpn.digitalsolutioncore.com\/privacy-policy\/\",\"name\":\"Privacy Policy |\",\"isPartOf\":{\"@id\":\"https:\/\/qamcpn.digitalsolutioncore.com\/#website\"},\"datePublished\":\"2024-03-04T16:27:10+00:00\",\"dateModified\":\"2024-03-21T06:02:59+00:00\",\"breadcrumb\":{\"@id\":\"https:\/\/qamcpn.digitalsolutioncore.com\/privacy-policy\/#breadcrumb\"},\"inLanguage\":\"en-US\",\"potentialAction\":[{\"@type\":\"ReadAction\",\"target\":[\"https:\/\/qamcpn.digitalsolutioncore.com\/privacy-policy\/\"]}]},{\"@type\":\"BreadcrumbList\",\"@id\":\"https:\/\/qamcpn.digitalsolutioncore.com\/privacy-policy\/#breadcrumb\",\"itemListElement\":[{\"@type\":\"ListItem\",\"position\":1,\"name\":\"Inicio\",\"item\":\"https:\/\/qamcpn.digitalsolutioncore.com\/\"},{\"@type\":\"ListItem\",\"position\":2,\"name\":\"Privacy Policy\"}]},{\"@type\":\"WebSite\",\"@id\":\"https:\/\/qamcpn.digitalsolutioncore.com\/#website\",\"url\":\"https:\/\/qamcpn.digitalsolutioncore.com\/\",\"name\":\"MCNP Mexico\",\"description\":\"Descifrando los datos duros de la ciencia\",\"publisher\":{\"@id\":\"https:\/\/qamcpn.digitalsolutioncore.com\/#organization\"},\"alternateName\":\"Consorcio Mexicano de NeuroPsicofarmacolog\u00eda\",\"potentialAction\":[{\"@type\":\"SearchAction\",\"target\":{\"@type\":\"EntryPoint\",\"urlTemplate\":\"https:\/\/qamcpn.digitalsolutioncore.com\/?s={search_term_string}\"},\"query-input\":{\"@type\":\"PropertyValueSpecification\",\"valueRequired\":true,\"valueName\":\"search_term_string\"}}],\"inLanguage\":\"en-US\"},{\"@type\":\"Organization\",\"@id\":\"https:\/\/qamcpn.digitalsolutioncore.com\/#organization\",\"name\":\"Consorcio Mexicano de Neuropsicofarmacolog\u00eda\",\"url\":\"https:\/\/qamcpn.digitalsolutioncore.com\/\",\"logo\":{\"@type\":\"ImageObject\",\"inLanguage\":\"en-US\",\"@id\":\"https:\/\/qamcpn.digitalsolutioncore.com\/#\/schema\/logo\/image\/\",\"url\":\"https:\/\/qamcpn.digitalsolutioncore.com\/wp-content\/uploads\/2024\/03\/Logo-2.png\",\"contentUrl\":\"https:\/\/qamcpn.digitalsolutioncore.com\/wp-content\/uploads\/2024\/03\/Logo-2.png\",\"width\":353,\"height\":84,\"caption\":\"Consorcio Mexicano de Neuropsicofarmacolog\u00eda\"},\"image\":{\"@id\":\"https:\/\/qamcpn.digitalsolutioncore.com\/#\/schema\/logo\/image\/\"},\"sameAs\":[\"https:\/\/www.facebook.com\/MCNPMexico\",\"https:\/\/x.com\/MCNPMexico\",\"https:\/\/www.tiktok.com\/@mcnpmexico?lang=es\",\"https:\/\/www.instagram.com\/mcnpmexico\/\",\"https:\/\/www.linkedin.com\/company\/mcnp-consorcio-mexicano-de-neuropsicofarmacologa\/?viewAsMember=true\"]}]}<\/script>\n<!-- \/ Yoast SEO plugin. -->","yoast_head_json":{"title":"Privacy Policy |","robots":{"index":"index","follow":"follow","max-snippet":"max-snippet:-1","max-image-preview":"max-image-preview:large","max-video-preview":"max-video-preview:-1"},"canonical":"https:\/\/qamcpn.digitalsolutioncore.com\/en\/privacy-policy\/","og_locale":"en_US","og_type":"article","og_title":"Privacy Policy |","og_description":"Aviso de Privacidad Integral de MCNP Consorcio Mexicano de Neuropsicofarmacolog\u00eda Al interactuar con el sitio web de MCNP Consorcio Mexicano de Neuropsicofarmacolog\u00eda de cualquier manera posible, usted acepta las disposiciones se\u00f1aladas en el presente aviso de privacidad integral. Este aviso de privacidad entra en vigor el 24 mayo del 2023.\u00a0 Al interactuar con MCNP Consorcio [&hellip;]","og_url":"https:\/\/qamcpn.digitalsolutioncore.com\/en\/privacy-policy\/","article_publisher":"https:\/\/www.facebook.com\/MCNPMexico","article_modified_time":"2024-03-21T06:02:59+00:00","twitter_card":"summary_large_image","twitter_site":"@MCNPMexico","twitter_misc":{"Est. reading time":"8 minutes"},"schema":{"@context":"https:\/\/schema.org","@graph":[{"@type":"WebPage","@id":"https:\/\/qamcpn.digitalsolutioncore.com\/privacy-policy\/","url":"https:\/\/qamcpn.digitalsolutioncore.com\/privacy-policy\/","name":"Privacy Policy |","isPartOf":{"@id":"https:\/\/qamcpn.digitalsolutioncore.com\/#website"},"datePublished":"2024-03-04T16:27:10+00:00","dateModified":"2024-03-21T06:02:59+00:00","breadcrumb":{"@id":"https:\/\/qamcpn.digitalsolutioncore.com\/privacy-policy\/#breadcrumb"},"inLanguage":"en-US","potentialAction":[{"@type":"ReadAction","target":["https:\/\/qamcpn.digitalsolutioncore.com\/privacy-policy\/"]}]},{"@type":"BreadcrumbList","@id":"https:\/\/qamcpn.digitalsolutioncore.com\/privacy-policy\/#breadcrumb","itemListElement":[{"@type":"ListItem","position":1,"name":"Inicio","item":"https:\/\/qamcpn.digitalsolutioncore.com\/"},{"@type":"ListItem","position":2,"name":"Privacy Policy"}]},{"@type":"WebSite","@id":"https:\/\/qamcpn.digitalsolutioncore.com\/#website","url":"https:\/\/qamcpn.digitalsolutioncore.com\/","name":"MCNP Mexico","description":"Descifrando los datos duros de la ciencia","publisher":{"@id":"https:\/\/qamcpn.digitalsolutioncore.com\/#organization"},"alternateName":"Consorcio Mexicano de NeuroPsicofarmacolog\u00eda","potentialAction":[{"@type":"SearchAction","target":{"@type":"EntryPoint","urlTemplate":"https:\/\/qamcpn.digitalsolutioncore.com\/?s={search_term_string}"},"query-input":{"@type":"PropertyValueSpecification","valueRequired":true,"valueName":"search_term_string"}}],"inLanguage":"en-US"},{"@type":"Organization","@id":"https:\/\/qamcpn.digitalsolutioncore.com\/#organization","name":"Consorcio Mexicano de Neuropsicofarmacolog\u00eda","url":"https:\/\/qamcpn.digitalsolutioncore.com\/","logo":{"@type":"ImageObject","inLanguage":"en-US","@id":"https:\/\/qamcpn.digitalsolutioncore.com\/#\/schema\/logo\/image\/","url":"https:\/\/qamcpn.digitalsolutioncore.com\/wp-content\/uploads\/2024\/03\/Logo-2.png","contentUrl":"https:\/\/qamcpn.digitalsolutioncore.com\/wp-content\/uploads\/2024\/03\/Logo-2.png","width":353,"height":84,"caption":"Consorcio Mexicano de Neuropsicofarmacolog\u00eda"},"image":{"@id":"https:\/\/qamcpn.digitalsolutioncore.com\/#\/schema\/logo\/image\/"},"sameAs":["https:\/\/www.facebook.com\/MCNPMexico","https:\/\/x.com\/MCNPMexico","https:\/\/www.tiktok.com\/@mcnpmexico?lang=es","https:\/\/www.instagram.com\/mcnpmexico\/","https:\/\/www.linkedin.com\/company\/mcnp-consorcio-mexicano-de-neuropsicofarmacologa\/?viewAsMember=true"]}]}},"_links":{"self":[{"href":"https:\/\/qamcpn.digitalsolutioncore.com\/en\/wp-json\/wp\/v2\/pages\/3","targetHints":{"allow":["GET"]}}],"collection":[{"href":"https:\/\/qamcpn.digitalsolutioncore.com\/en\/wp-json\/wp\/v2\/pages"}],"about":[{"href":"https:\/\/qamcpn.digitalsolutioncore.com\/en\/wp-json\/wp\/v2\/types\/page"}],"author":[{"embeddable":true,"href":"https:\/\/qamcpn.digitalsolutioncore.com\/en\/wp-json\/wp\/v2\/users\/1"}],"replies":[{"embeddable":true,"href":"https:\/\/qamcpn.digitalsolutioncore.com\/en\/wp-json\/wp\/v2\/comments?post=3"}],"version-history":[{"count":7,"href":"https:\/\/qamcpn.digitalsolutioncore.com\/en\/wp-json\/wp\/v2\/pages\/3\/revisions"}],"predecessor-version":[{"id":1222,"href":"https:\/\/qamcpn.digitalsolutioncore.com\/en\/wp-json\/wp\/v2\/pages\/3\/revisions\/1222"}],"wp:attachment":[{"href":"https:\/\/qamcpn.digitalsolutioncore.com\/en\/wp-json\/wp\/v2\/media?parent=3"}],"curies":[{"name":"wp","href":"https:\/\/api.w.org\/{rel}","templated":true}]}}